{"id":1463,"date":"2023-05-11T17:44:53","date_gmt":"2023-05-11T17:44:53","guid":{"rendered":"https:\/\/www.literackiprzystanekpolska.com\/?page_id=1463"},"modified":"2026-01-18T18:22:19","modified_gmt":"2026-01-18T18:22:19","slug":"sponsorzy","status":"publish","type":"page","link":"https:\/\/www.literackiprzystanekpolska.com\/?page_id=1463","title":{"rendered":"Sponsorzy"},"content":{"rendered":"\n<div class=\"wp-block-columns is-layout-flex wp-container-core-columns-is-layout-9d6595d7 wp-block-columns-is-layout-flex\">\n<div class=\"wp-block-column is-layout-flow wp-block-column-is-layout-flow\">\n<p><\/p>\n\n\n\n<p><\/p>\n\n\n\n<p><\/p>\n\n\n\n<p><\/p>\n\n\n\n<p><\/p>\n\n\n\n<p class=\"has-text-align-right\">Dzi\u0119kujemy <\/p>\n\n\n\n<p class=\"has-text-align-right\">SENATOWI RZECZYPOSPOLITEJ POLSKIEJ<\/p>\n<\/div>\n\n\n\n<div class=\"wp-block-column is-layout-flow wp-block-column-is-layout-flow\">\n<figure class=\"wp-block-image size-full is-resized\"><img loading=\"lazy\" decoding=\"async\" width=\"595\" height=\"842\" src=\"https:\/\/www.literackiprzystanekpolska.com\/wp-content\/uploads\/2025\/11\/Obowiazek-informacyjny-Towarzystwo-Polskie-Winterthur-1.png\" alt=\"\" class=\"wp-image-3046\" style=\"width:613px;height:auto\" srcset=\"https:\/\/www.literackiprzystanekpolska.com\/wp-content\/uploads\/2025\/11\/Obowiazek-informacyjny-Towarzystwo-Polskie-Winterthur-1.png 595w, https:\/\/www.literackiprzystanekpolska.com\/wp-content\/uploads\/2025\/11\/Obowiazek-informacyjny-Towarzystwo-Polskie-Winterthur-1-212x300.png 212w\" sizes=\"auto, (max-width: 595px) 100vw, 595px\" \/><\/figure>\n<\/div>\n<\/div>\n\n\n\n<div class=\"wp-block-columns is-layout-flex wp-container-core-columns-is-layout-9d6595d7 wp-block-columns-is-layout-flex\">\n<div class=\"wp-block-column is-layout-flow wp-block-column-is-layout-flow\"><div class=\"wp-block-image\">\n<figure class=\"aligncenter size-large is-resized\"><img loading=\"lazy\" decoding=\"async\" width=\"1024\" height=\"1024\" src=\"https:\/\/www.literackiprzystanekpolska.com\/wp-content\/uploads\/2025\/08\/Senat-RP-1024x1024.png\" alt=\"\" class=\"wp-image-2931\" style=\"width:256px\" srcset=\"https:\/\/www.literackiprzystanekpolska.com\/wp-content\/uploads\/2025\/08\/Senat-RP-1024x1024.png 1024w, https:\/\/www.literackiprzystanekpolska.com\/wp-content\/uploads\/2025\/08\/Senat-RP-300x300.png 300w, https:\/\/www.literackiprzystanekpolska.com\/wp-content\/uploads\/2025\/08\/Senat-RP-150x150.png 150w, https:\/\/www.literackiprzystanekpolska.com\/wp-content\/uploads\/2025\/08\/Senat-RP-768x768.png 768w, https:\/\/www.literackiprzystanekpolska.com\/wp-content\/uploads\/2025\/08\/Senat-RP.png 1080w\" sizes=\"auto, (max-width: 1024px) 100vw, 1024px\" \/><\/figure>\n<\/div><\/div>\n\n\n\n<div class=\"wp-block-column is-layout-flow wp-block-column-is-layout-flow\">\n<p><\/p>\n\n\n\n<p><\/p>\n\n\n\n<p><\/p>\n\n\n\n<p>&#8222;Zadanie dofinansowane w ramach sprawowania Senatu Rzeczypospolitej Polskiej nad Poloni\u0105 i Polakami za granic\u0105 w 2025 roku\u201d.<\/p>\n<\/div>\n<\/div>\n\n\n\n<div class=\"wp-block-columns is-layout-flex wp-container-core-columns-is-layout-9d6595d7 wp-block-columns-is-layout-flex\">\n<div class=\"wp-block-column is-layout-flow wp-block-column-is-layout-flow\">\n<p><\/p>\n\n\n\n<p><\/p>\n\n\n\n<p><\/p>\n\n\n\n<p class=\"has-text-align-right\">2025, 2026<\/p>\n\n\n\n<p class=\"has-text-align-right\">DZI\u0118KUJEMY ZA DOCENIENIE<\/p>\n\n\n\n<p class=\"has-text-align-right\">NASZEJ DZIA\u0141ALNO\u015aCI<\/p>\n<\/div>\n\n\n\n<div class=\"wp-block-column is-layout-flow wp-block-column-is-layout-flow\">\n<figure class=\"wp-block-image size-large is-resized\"><img loading=\"lazy\" decoding=\"async\" width=\"1024\" height=\"1024\" src=\"https:\/\/www.literackiprzystanekpolska.com\/wp-content\/uploads\/2024\/10\/Fondation-Jan-Michalski-2-1024x1024.png\" alt=\"\" class=\"wp-image-2715\" style=\"width:256px\" srcset=\"https:\/\/www.literackiprzystanekpolska.com\/wp-content\/uploads\/2024\/10\/Fondation-Jan-Michalski-2-1024x1024.png 1024w, https:\/\/www.literackiprzystanekpolska.com\/wp-content\/uploads\/2024\/10\/Fondation-Jan-Michalski-2-300x300.png 300w, https:\/\/www.literackiprzystanekpolska.com\/wp-content\/uploads\/2024\/10\/Fondation-Jan-Michalski-2-150x150.png 150w, https:\/\/www.literackiprzystanekpolska.com\/wp-content\/uploads\/2024\/10\/Fondation-Jan-Michalski-2-768x768.png 768w, https:\/\/www.literackiprzystanekpolska.com\/wp-content\/uploads\/2024\/10\/Fondation-Jan-Michalski-2.png 1080w\" sizes=\"auto, (max-width: 1024px) 100vw, 1024px\" \/><\/figure>\n<\/div>\n<\/div>\n\n\n\n<div class=\"wp-block-columns is-layout-flex wp-container-core-columns-is-layout-9d6595d7 wp-block-columns-is-layout-flex\">\n<div class=\"wp-block-column is-layout-flow wp-block-column-is-layout-flow\"><div class=\"wp-block-image\">\n<figure class=\"alignright size-large is-resized\"><img loading=\"lazy\" decoding=\"async\" width=\"1024\" height=\"1024\" src=\"https:\/\/www.literackiprzystanekpolska.com\/wp-content\/uploads\/2024\/03\/LanguageMasters-1024x1024.png\" alt=\"\" class=\"wp-image-2466\" style=\"width:256px\" srcset=\"https:\/\/www.literackiprzystanekpolska.com\/wp-content\/uploads\/2024\/03\/LanguageMasters-1024x1024.png 1024w, https:\/\/www.literackiprzystanekpolska.com\/wp-content\/uploads\/2024\/03\/LanguageMasters-300x300.png 300w, https:\/\/www.literackiprzystanekpolska.com\/wp-content\/uploads\/2024\/03\/LanguageMasters-150x150.png 150w, https:\/\/www.literackiprzystanekpolska.com\/wp-content\/uploads\/2024\/03\/LanguageMasters-768x768.png 768w, https:\/\/www.literackiprzystanekpolska.com\/wp-content\/uploads\/2024\/03\/LanguageMasters.png 1080w\" sizes=\"auto, (max-width: 1024px) 100vw, 1024px\" \/><\/figure>\n<\/div><\/div>\n\n\n\n<div class=\"wp-block-column is-layout-flow wp-block-column-is-layout-flow\">\n<p><\/p>\n\n\n\n<p><\/p>\n\n\n\n<p><\/p>\n\n\n\n<p><\/p>\n\n\n\n<p>MECENAS<\/p>\n\n\n\n<p>w latach 2021-2025<\/p>\n\n\n\n<p>LANGUAGE MASTERS, Zurych<\/p>\n<\/div>\n<\/div>\n\n\n\n<div class=\"wp-block-columns is-layout-flex wp-container-core-columns-is-layout-9d6595d7 wp-block-columns-is-layout-flex\">\n<div class=\"wp-block-column is-layout-flow wp-block-column-is-layout-flow\">\n<p><\/p>\n\n\n\n<p><\/p>\n\n\n\n<p class=\"has-text-align-right\">GOSIA KUBAT<\/p>\n\n\n\n<p class=\"has-text-align-right\">MECENASKA<\/p>\n\n\n\n<p class=\"has-text-align-right\">w latach 2021-2025<\/p>\n\n\n\n<p class=\"has-text-align-right\">LANGUAGE MASTERS, Zurych<\/p>\n<\/div>\n\n\n\n<div class=\"wp-block-column is-layout-flow wp-block-column-is-layout-flow\">\n<figure class=\"wp-block-image size-large is-resized\"><img loading=\"lazy\" decoding=\"async\" width=\"1024\" height=\"1024\" src=\"https:\/\/www.literackiprzystanekpolska.com\/wp-content\/uploads\/2025\/08\/Gosia-Kubat-2-1024x1024.png\" alt=\"\" class=\"wp-image-2969\" style=\"object-fit:cover;width:256px;height:256px\" srcset=\"https:\/\/www.literackiprzystanekpolska.com\/wp-content\/uploads\/2025\/08\/Gosia-Kubat-2-1024x1024.png 1024w, https:\/\/www.literackiprzystanekpolska.com\/wp-content\/uploads\/2025\/08\/Gosia-Kubat-2-300x300.png 300w, https:\/\/www.literackiprzystanekpolska.com\/wp-content\/uploads\/2025\/08\/Gosia-Kubat-2-150x150.png 150w, https:\/\/www.literackiprzystanekpolska.com\/wp-content\/uploads\/2025\/08\/Gosia-Kubat-2-768x768.png 768w, https:\/\/www.literackiprzystanekpolska.com\/wp-content\/uploads\/2025\/08\/Gosia-Kubat-2.png 1080w\" sizes=\"auto, (max-width: 1024px) 100vw, 1024px\" \/><\/figure>\n<\/div>\n<\/div>\n\n\n\n<p><\/p>\n\n\n\n<div class=\"wp-block-columns is-layout-flex wp-container-core-columns-is-layout-9d6595d7 wp-block-columns-is-layout-flex\">\n<div class=\"wp-block-column is-layout-flow wp-block-column-is-layout-flow\">\n<div class=\"wp-block-group\"><div class=\"wp-block-group__inner-container is-layout-constrained wp-block-group-is-layout-constrained\"><div class=\"wp-block-image\">\n<figure class=\"alignright size-large is-resized\"><img loading=\"lazy\" decoding=\"async\" width=\"1024\" height=\"1024\" src=\"https:\/\/www.literackiprzystanekpolska.com\/wp-content\/uploads\/2024\/03\/Ambasada-rzeczpospolitej-Polskiej-1024x1024.png\" alt=\"\" class=\"wp-image-2468\" style=\"width:256px\" srcset=\"https:\/\/www.literackiprzystanekpolska.com\/wp-content\/uploads\/2024\/03\/Ambasada-rzeczpospolitej-Polskiej-1024x1024.png 1024w, https:\/\/www.literackiprzystanekpolska.com\/wp-content\/uploads\/2024\/03\/Ambasada-rzeczpospolitej-Polskiej-300x300.png 300w, https:\/\/www.literackiprzystanekpolska.com\/wp-content\/uploads\/2024\/03\/Ambasada-rzeczpospolitej-Polskiej-150x150.png 150w, https:\/\/www.literackiprzystanekpolska.com\/wp-content\/uploads\/2024\/03\/Ambasada-rzeczpospolitej-Polskiej-768x768.png 768w, https:\/\/www.literackiprzystanekpolska.com\/wp-content\/uploads\/2024\/03\/Ambasada-rzeczpospolitej-Polskiej.png 1080w\" sizes=\"auto, (max-width: 1024px) 100vw, 1024px\" \/><\/figure>\n<\/div><\/div><\/div>\n<\/div>\n\n\n\n<div class=\"wp-block-column is-layout-flow wp-block-column-is-layout-flow\">\n<p><\/p>\n\n\n\n<p><\/p>\n\n\n\n<p><\/p>\n\n\n\n<p>PROJEKT DOFINANSOWANY<\/p>\n\n\n\n<p>ZE \u015aRODK\u00d3W <\/p>\n\n\n\n<p>AMBASADY RZECZYPOSPOLITEJ POLSKIEJ W BERNIE<\/p>\n<\/div>\n<\/div>\n\n\n\n<div class=\"wp-block-columns is-layout-flex wp-container-core-columns-is-layout-9d6595d7 wp-block-columns-is-layout-flex\">\n<div class=\"wp-block-column is-layout-flow wp-block-column-is-layout-flow\">\n<p><\/p>\n\n\n\n<p><\/p>\n\n\n\n<p class=\"has-text-align-right\">SPONSOR<\/p>\n\n\n\n<p class=\"has-text-align-right\">2025<\/p>\n<\/div>\n\n\n\n<div class=\"wp-block-column is-layout-flow wp-block-column-is-layout-flow\">\n<figure class=\"wp-block-image size-large is-resized\"><img loading=\"lazy\" decoding=\"async\" width=\"1024\" height=\"1024\" src=\"https:\/\/www.literackiprzystanekpolska.com\/wp-content\/uploads\/2025\/09\/NUBREX-INFRA-1024x1024.png\" alt=\"\" class=\"wp-image-2973\" style=\"width:256px\" srcset=\"https:\/\/www.literackiprzystanekpolska.com\/wp-content\/uploads\/2025\/09\/NUBREX-INFRA-1024x1024.png 1024w, https:\/\/www.literackiprzystanekpolska.com\/wp-content\/uploads\/2025\/09\/NUBREX-INFRA-300x300.png 300w, https:\/\/www.literackiprzystanekpolska.com\/wp-content\/uploads\/2025\/09\/NUBREX-INFRA-150x150.png 150w, https:\/\/www.literackiprzystanekpolska.com\/wp-content\/uploads\/2025\/09\/NUBREX-INFRA-768x768.png 768w, https:\/\/www.literackiprzystanekpolska.com\/wp-content\/uploads\/2025\/09\/NUBREX-INFRA.png 1080w\" sizes=\"auto, (max-width: 1024px) 100vw, 1024px\" \/><\/figure>\n<\/div>\n<\/div>\n\n\n\n<div class=\"wp-block-columns is-layout-flex wp-container-core-columns-is-layout-9d6595d7 wp-block-columns-is-layout-flex\">\n<div class=\"wp-block-column is-layout-flow wp-block-column-is-layout-flow\"><div class=\"wp-block-image\">\n<figure class=\"alignright size-large is-resized\"><img loading=\"lazy\" decoding=\"async\" width=\"1024\" height=\"1024\" src=\"https:\/\/www.literackiprzystanekpolska.com\/wp-content\/uploads\/2023\/07\/godlo-i-flaga-1024x1024.png\" alt=\"\" class=\"wp-image-2099\" style=\"object-fit:cover;width:256px;height:256px\" srcset=\"https:\/\/www.literackiprzystanekpolska.com\/wp-content\/uploads\/2023\/07\/godlo-i-flaga-1024x1024.png 1024w, https:\/\/www.literackiprzystanekpolska.com\/wp-content\/uploads\/2023\/07\/godlo-i-flaga-300x300.png 300w, https:\/\/www.literackiprzystanekpolska.com\/wp-content\/uploads\/2023\/07\/godlo-i-flaga-150x150.png 150w, https:\/\/www.literackiprzystanekpolska.com\/wp-content\/uploads\/2023\/07\/godlo-i-flaga-768x768.png 768w, https:\/\/www.literackiprzystanekpolska.com\/wp-content\/uploads\/2023\/07\/godlo-i-flaga-1536x1536.png 1536w, https:\/\/www.literackiprzystanekpolska.com\/wp-content\/uploads\/2023\/07\/godlo-i-flaga.png 1755w\" sizes=\"auto, (max-width: 1024px) 100vw, 1024px\" \/><\/figure>\n<\/div><\/div>\n\n\n\n<div class=\"wp-block-column is-layout-flow wp-block-column-is-layout-flow\">\n<p class=\"has-text-align-left\"><\/p>\n\n\n\n<p class=\"has-text-align-left\"><\/p>\n\n\n\n<p class=\"has-text-align-left\">w edycji jesiennej 2023<\/p>\n\n\n\n<p class=\"has-text-align-left\">PROJEKT DOFINANSOWANO ZE \u015aRODK\u00d3W<\/p>\n\n\n\n<p class=\"has-text-align-left\">W RAMACH KONKURSU <\/p>\n\n\n\n<p class=\"has-text-align-left\">&#8222;POLONIA I POLACY ZA GRANIC\u0104 2023&#8221;<\/p>\n\n\n\n<p class=\"has-text-align-left\">KANCELARII PREZESA RADY MINISTR\u00d3W <\/p>\n\n\n\n<p class=\"has-text-align-left\"><\/p>\n<\/div>\n<\/div>\n\n\n\n<div class=\"wp-block-columns is-layout-flex wp-container-core-columns-is-layout-9d6595d7 wp-block-columns-is-layout-flex\">\n<div class=\"wp-block-column is-layout-flow wp-block-column-is-layout-flow\">\n<p><\/p>\n\n\n\n<p><\/p>\n\n\n\n<p class=\"has-text-align-right\">UBEZPIECZA NAS<\/p>\n\n\n\n<p class=\"has-text-align-right\">FIRMA BSAFE<\/p>\n\n\n\n<p><\/p>\n<\/div>\n\n\n\n<div class=\"wp-block-column is-layout-flow wp-block-column-is-layout-flow\">\n<figure class=\"wp-block-image size-large is-resized\"><img loading=\"lazy\" decoding=\"async\" width=\"1024\" height=\"1024\" src=\"https:\/\/www.literackiprzystanekpolska.com\/wp-content\/uploads\/2024\/03\/B-SAFE-Invest-1024x1024.png\" alt=\"\" class=\"wp-image-2454\" style=\"object-fit:cover;width:256px;height:256px\" srcset=\"https:\/\/www.literackiprzystanekpolska.com\/wp-content\/uploads\/2024\/03\/B-SAFE-Invest-1024x1024.png 1024w, https:\/\/www.literackiprzystanekpolska.com\/wp-content\/uploads\/2024\/03\/B-SAFE-Invest-300x300.png 300w, https:\/\/www.literackiprzystanekpolska.com\/wp-content\/uploads\/2024\/03\/B-SAFE-Invest-150x150.png 150w, https:\/\/www.literackiprzystanekpolska.com\/wp-content\/uploads\/2024\/03\/B-SAFE-Invest-768x768.png 768w, https:\/\/www.literackiprzystanekpolska.com\/wp-content\/uploads\/2024\/03\/B-SAFE-Invest.png 1080w\" sizes=\"auto, (max-width: 1024px) 100vw, 1024px\" \/><\/figure>\n<\/div>\n<\/div>\n\n\n\n<div class=\"wp-block-columns is-layout-flex wp-container-core-columns-is-layout-9d6595d7 wp-block-columns-is-layout-flex\">\n<div class=\"wp-block-column is-layout-flow wp-block-column-is-layout-flow\"><div class=\"wp-block-image\">\n<figure class=\"alignright size-large is-resized\"><img loading=\"lazy\" decoding=\"async\" width=\"1024\" height=\"1024\" src=\"https:\/\/www.literackiprzystanekpolska.com\/wp-content\/uploads\/2024\/03\/KOPERNIK-Polish-Shop-1024x1024.png\" alt=\"\" class=\"wp-image-2459\" style=\"width:256px\" srcset=\"https:\/\/www.literackiprzystanekpolska.com\/wp-content\/uploads\/2024\/03\/KOPERNIK-Polish-Shop-1024x1024.png 1024w, https:\/\/www.literackiprzystanekpolska.com\/wp-content\/uploads\/2024\/03\/KOPERNIK-Polish-Shop-300x300.png 300w, https:\/\/www.literackiprzystanekpolska.com\/wp-content\/uploads\/2024\/03\/KOPERNIK-Polish-Shop-150x150.png 150w, https:\/\/www.literackiprzystanekpolska.com\/wp-content\/uploads\/2024\/03\/KOPERNIK-Polish-Shop-768x768.png 768w, https:\/\/www.literackiprzystanekpolska.com\/wp-content\/uploads\/2024\/03\/KOPERNIK-Polish-Shop.png 1080w\" sizes=\"auto, (max-width: 1024px) 100vw, 1024px\" \/><\/figure>\n<\/div><\/div>\n\n\n\n<div class=\"wp-block-column is-layout-flow wp-block-column-is-layout-flow\">\n<p><\/p>\n\n\n\n<p><\/p>\n\n\n\n<p><\/p>\n\n\n\n<p>APERO PRZYGOTOWUJE DLA NAS<\/p>\n\n\n\n<p>POLSKI SKLEP KOPERNIK W ZURYCHU<\/p>\n<\/div>\n<\/div>\n\n\n\n<p class=\"has-text-align-right\"><\/p>\n\n\n\n<div class=\"wp-block-columns is-layout-flex wp-container-core-columns-is-layout-9d6595d7 wp-block-columns-is-layout-flex\">\n<div class=\"wp-block-column is-vertically-aligned-stretch is-layout-flow wp-block-column-is-layout-flow\">\n<p><\/p>\n\n\n\n<p><\/p>\n\n\n\n<p class=\"has-text-align-right\">DOBRA LITERATURA<\/p>\n\n\n\n<p class=\"has-text-align-right\">LEPIEJ SMAKUJE<\/p>\n\n\n\n<p class=\"has-text-align-right\">W TOWARZYSTWIE<\/p>\n\n\n\n<p class=\"has-text-align-right\">DOBREGO WINA<\/p>\n<\/div>\n\n\n\n<div class=\"wp-block-column is-layout-flow wp-block-column-is-layout-flow\">\n<figure class=\"wp-block-image size-large is-resized\"><img loading=\"lazy\" decoding=\"async\" width=\"1024\" height=\"1024\" src=\"https:\/\/www.literackiprzystanekpolska.com\/wp-content\/uploads\/2024\/03\/Vino-Vintana-1-1024x1024.png\" alt=\"\" class=\"wp-image-2462\" style=\"width:256px\" srcset=\"https:\/\/www.literackiprzystanekpolska.com\/wp-content\/uploads\/2024\/03\/Vino-Vintana-1-1024x1024.png 1024w, https:\/\/www.literackiprzystanekpolska.com\/wp-content\/uploads\/2024\/03\/Vino-Vintana-1-300x300.png 300w, https:\/\/www.literackiprzystanekpolska.com\/wp-content\/uploads\/2024\/03\/Vino-Vintana-1-150x150.png 150w, https:\/\/www.literackiprzystanekpolska.com\/wp-content\/uploads\/2024\/03\/Vino-Vintana-1-768x768.png 768w, https:\/\/www.literackiprzystanekpolska.com\/wp-content\/uploads\/2024\/03\/Vino-Vintana-1.png 1080w\" sizes=\"auto, (max-width: 1024px) 100vw, 1024px\" \/><\/figure>\n<\/div>\n<\/div>\n\n\n\n<div class=\"wp-block-columns is-layout-flex wp-container-core-columns-is-layout-9d6595d7 wp-block-columns-is-layout-flex\">\n<div class=\"wp-block-column is-layout-flow wp-block-column-is-layout-flow\"><div class=\"wp-block-image\">\n<figure class=\"alignright size-large is-resized\"><img loading=\"lazy\" decoding=\"async\" width=\"1024\" height=\"1024\" src=\"https:\/\/www.literackiprzystanekpolska.com\/wp-content\/uploads\/2025\/08\/Hotel-St.-Josef-1-1024x1024.png\" alt=\"\" class=\"wp-image-2944\" style=\"width:256px\" srcset=\"https:\/\/www.literackiprzystanekpolska.com\/wp-content\/uploads\/2025\/08\/Hotel-St.-Josef-1-1024x1024.png 1024w, https:\/\/www.literackiprzystanekpolska.com\/wp-content\/uploads\/2025\/08\/Hotel-St.-Josef-1-300x300.png 300w, https:\/\/www.literackiprzystanekpolska.com\/wp-content\/uploads\/2025\/08\/Hotel-St.-Josef-1-150x150.png 150w, https:\/\/www.literackiprzystanekpolska.com\/wp-content\/uploads\/2025\/08\/Hotel-St.-Josef-1-768x768.png 768w, https:\/\/www.literackiprzystanekpolska.com\/wp-content\/uploads\/2025\/08\/Hotel-St.-Josef-1.png 1080w\" sizes=\"auto, (max-width: 1024px) 100vw, 1024px\" \/><\/figure>\n<\/div><\/div>\n\n\n\n<div class=\"wp-block-column is-layout-flow wp-block-column-is-layout-flow\">\n<div class=\"wp-block-columns is-layout-flex wp-container-core-columns-is-layout-9d6595d7 wp-block-columns-is-layout-flex\">\n<div class=\"wp-block-column is-layout-flow wp-block-column-is-layout-flow\"><\/div>\n\n\n\n<div class=\"wp-block-column is-layout-flow wp-block-column-is-layout-flow\"><\/div>\n<\/div>\n\n\n\n<p>DZI\u0118KUJEMY ZA GO\u015aCIN\u0118<\/p>\n\n\n\n<p><\/p>\n\n\n\n<p><\/p>\n\n\n\n<p><\/p>\n<\/div>\n<\/div>\n","protected":false},"excerpt":{"rendered":"<p>Dzi\u0119kujemy SENATOWI RZECZYPOSPOLITEJ POLSKIEJ &#8222;Zadanie dofinansowane w ramach sprawowania Senatu Rzeczypospolitej Polskiej nad Poloni\u0105 i Polakami za granic\u0105 w 2025 roku\u201d. 2025, 2026 DZI\u0118KUJEMY ZA DOCENIENIE NASZEJ DZIA\u0141ALNO\u015aCI MECENAS w &#8230;<\/p>\n","protected":false},"author":1,"featured_media":0,"parent":0,"menu_order":0,"comment_status":"closed","ping_status":"closed","template":"","meta":{"footnotes":""},"class_list":["post-1463","page","type-page","status-publish","hentry"],"_links":{"self":[{"href":"https:\/\/www.literackiprzystanekpolska.com\/index.php?rest_route=\/wp\/v2\/pages\/1463","targetHints":{"allow":["GET"]}}],"collection":[{"href":"https:\/\/www.literackiprzystanekpolska.com\/index.php?rest_route=\/wp\/v2\/pages"}],"about":[{"href":"https:\/\/www.literackiprzystanekpolska.com\/index.php?rest_route=\/wp\/v2\/types\/page"}],"author":[{"embeddable":true,"href":"https:\/\/www.literackiprzystanekpolska.com\/index.php?rest_route=\/wp\/v2\/users\/1"}],"replies":[{"embeddable":true,"href":"https:\/\/www.literackiprzystanekpolska.com\/index.php?rest_route=%2Fwp%2Fv2%2Fcomments&post=1463"}],"version-history":[{"count":39,"href":"https:\/\/www.literackiprzystanekpolska.com\/index.php?rest_route=\/wp\/v2\/pages\/1463\/revisions"}],"predecessor-version":[{"id":3110,"href":"https:\/\/www.literackiprzystanekpolska.com\/index.php?rest_route=\/wp\/v2\/pages\/1463\/revisions\/3110"}],"wp:attachment":[{"href":"https:\/\/www.literackiprzystanekpolska.com\/index.php?rest_route=%2Fwp%2Fv2%2Fmedia&parent=1463"}],"curies":[{"name":"wp","href":"https:\/\/api.w.org\/{rel}","templated":true}]}}