{"id":1468,"date":"2023-05-11T17:46:21","date_gmt":"2023-05-11T17:46:21","guid":{"rendered":"https:\/\/www.literackiprzystanekpolska.com\/?page_id=1468"},"modified":"2026-01-22T14:04:02","modified_gmt":"2026-01-22T14:04:02","slug":"partnerzy","status":"publish","type":"page","link":"https:\/\/www.literackiprzystanekpolska.com\/?page_id=1468","title":{"rendered":"Partnerzy"},"content":{"rendered":"\n<div class=\"wp-block-columns is-layout-flex wp-container-core-columns-is-layout-9d6595d7 wp-block-columns-is-layout-flex\">\n<div class=\"wp-block-column is-layout-flow wp-block-column-is-layout-flow\"><\/div>\n\n\n\n<div class=\"wp-block-column is-layout-flow wp-block-column-is-layout-flow\"><\/div>\n<\/div>\n\n\n\n<div class=\"wp-block-columns is-layout-flex wp-container-core-columns-is-layout-9d6595d7 wp-block-columns-is-layout-flex\">\n<div class=\"wp-block-column is-layout-flow wp-block-column-is-layout-flow\"><div class=\"wp-block-image\">\n<figure class=\"alignright size-large is-resized\"><img loading=\"lazy\" decoding=\"async\" width=\"1024\" height=\"1024\" src=\"https:\/\/www.literackiprzystanekpolska.com\/wp-content\/uploads\/2025\/08\/TVP-POLONIA-1024x1024.png\" alt=\"\" class=\"wp-image-2953\" style=\"object-fit:cover;width:256px;height:256px\" srcset=\"https:\/\/www.literackiprzystanekpolska.com\/wp-content\/uploads\/2025\/08\/TVP-POLONIA-1024x1024.png 1024w, https:\/\/www.literackiprzystanekpolska.com\/wp-content\/uploads\/2025\/08\/TVP-POLONIA-300x300.png 300w, https:\/\/www.literackiprzystanekpolska.com\/wp-content\/uploads\/2025\/08\/TVP-POLONIA-150x150.png 150w, https:\/\/www.literackiprzystanekpolska.com\/wp-content\/uploads\/2025\/08\/TVP-POLONIA-768x768.png 768w, https:\/\/www.literackiprzystanekpolska.com\/wp-content\/uploads\/2025\/08\/TVP-POLONIA.png 1080w\" sizes=\"auto, (max-width: 1024px) 100vw, 1024px\" \/><\/figure>\n<\/div><\/div>\n\n\n\n<div class=\"wp-block-column is-layout-flow wp-block-column-is-layout-flow\">\n<p><\/p>\n\n\n\n<p><\/p>\n\n\n\n<p><\/p>\n\n\n\n<p><\/p>\n\n\n\n<p>PATRONAT PRASOWY 2025, 2026<\/p>\n<\/div>\n<\/div>\n\n\n\n<div class=\"wp-block-columns is-layout-flex wp-container-core-columns-is-layout-9d6595d7 wp-block-columns-is-layout-flex\">\n<div class=\"wp-block-column is-layout-flow wp-block-column-is-layout-flow\">\n<p><\/p>\n\n\n\n<p><\/p>\n\n\n\n<p><\/p>\n\n\n\n<p class=\"has-text-align-right\">WSP\u00d3\u0141PRACA MEDIALNA<\/p>\n<\/div>\n\n\n\n<div class=\"wp-block-column is-layout-flow wp-block-column-is-layout-flow\"><div class=\"wp-block-image\">\n<figure class=\"alignleft size-large is-resized\"><img loading=\"lazy\" decoding=\"async\" width=\"1024\" height=\"1024\" src=\"https:\/\/www.literackiprzystanekpolska.com\/wp-content\/uploads\/2025\/08\/TVR-4-1024x1024.png\" alt=\"\" class=\"wp-image-2960\" style=\"object-fit:cover;width:256px;height:256px\" srcset=\"https:\/\/www.literackiprzystanekpolska.com\/wp-content\/uploads\/2025\/08\/TVR-4-1024x1024.png 1024w, https:\/\/www.literackiprzystanekpolska.com\/wp-content\/uploads\/2025\/08\/TVR-4-300x300.png 300w, https:\/\/www.literackiprzystanekpolska.com\/wp-content\/uploads\/2025\/08\/TVR-4-150x150.png 150w, https:\/\/www.literackiprzystanekpolska.com\/wp-content\/uploads\/2025\/08\/TVR-4-768x768.png 768w, https:\/\/www.literackiprzystanekpolska.com\/wp-content\/uploads\/2025\/08\/TVR-4.png 1080w\" sizes=\"auto, (max-width: 1024px) 100vw, 1024px\" \/><\/figure>\n<\/div><\/div>\n<\/div>\n\n\n\n<div class=\"wp-block-columns is-layout-flex wp-container-core-columns-is-layout-9d6595d7 wp-block-columns-is-layout-flex\">\n<div class=\"wp-block-column is-layout-flow wp-block-column-is-layout-flow\"><div class=\"wp-block-image\">\n<figure class=\"alignright size-large is-resized\"><img loading=\"lazy\" decoding=\"async\" width=\"1024\" height=\"1024\" src=\"https:\/\/www.literackiprzystanekpolska.com\/wp-content\/uploads\/2024\/03\/Maria-Nowrot-Photography-1024x1024.png\" alt=\"\" class=\"wp-image-2473\" style=\"width:256px\" srcset=\"https:\/\/www.literackiprzystanekpolska.com\/wp-content\/uploads\/2024\/03\/Maria-Nowrot-Photography-1024x1024.png 1024w, https:\/\/www.literackiprzystanekpolska.com\/wp-content\/uploads\/2024\/03\/Maria-Nowrot-Photography-300x300.png 300w, https:\/\/www.literackiprzystanekpolska.com\/wp-content\/uploads\/2024\/03\/Maria-Nowrot-Photography-150x150.png 150w, https:\/\/www.literackiprzystanekpolska.com\/wp-content\/uploads\/2024\/03\/Maria-Nowrot-Photography-768x768.png 768w, https:\/\/www.literackiprzystanekpolska.com\/wp-content\/uploads\/2024\/03\/Maria-Nowrot-Photography.png 1080w\" sizes=\"auto, (max-width: 1024px) 100vw, 1024px\" \/><\/figure>\n<\/div><\/div>\n\n\n\n<div class=\"wp-block-column is-layout-flow wp-block-column-is-layout-flow\">\n<div class=\"wp-block-columns is-layout-flex wp-container-core-columns-is-layout-9d6595d7 wp-block-columns-is-layout-flex\">\n<div class=\"wp-block-column is-layout-flow wp-block-column-is-layout-flow\"><\/div>\n\n\n\n<div class=\"wp-block-column is-layout-flow wp-block-column-is-layout-flow\"><\/div>\n<\/div>\n\n\n\n<p><\/p>\n\n\n\n<p><\/p>\n\n\n\n<p><\/p>\n\n\n\n<p><\/p>\n\n\n\n<p>ZDJ\u0118CIA<\/p>\n<\/div>\n<\/div>\n\n\n\n<div class=\"wp-block-columns is-layout-flex wp-container-core-columns-is-layout-9d6595d7 wp-block-columns-is-layout-flex\">\n<div class=\"wp-block-column is-layout-flow wp-block-column-is-layout-flow\"><\/div>\n\n\n\n<div class=\"wp-block-column is-layout-flow wp-block-column-is-layout-flow\"><\/div>\n<\/div>\n\n\n\n<div class=\"wp-block-columns is-layout-flex wp-container-core-columns-is-layout-9d6595d7 wp-block-columns-is-layout-flex\">\n<div class=\"wp-block-column is-layout-flow wp-block-column-is-layout-flow\">\n<p><\/p>\n\n\n\n<p><\/p>\n\n\n\n<p><\/p>\n\n\n\n<p><\/p>\n\n\n\n<p class=\"has-text-align-right\">ZDJ\u0118CIA<\/p>\n<\/div>\n\n\n\n<div class=\"wp-block-column is-layout-flow wp-block-column-is-layout-flow\">\n<figure class=\"wp-block-image size-large is-resized\"><img loading=\"lazy\" decoding=\"async\" width=\"1024\" height=\"1024\" src=\"https:\/\/www.literackiprzystanekpolska.com\/wp-content\/uploads\/2025\/08\/Logo-Kinga-bez-tla-1-1024x1024.png\" alt=\"\" class=\"wp-image-2964\" style=\"object-fit:cover;width:260px;height:260px\" srcset=\"https:\/\/www.literackiprzystanekpolska.com\/wp-content\/uploads\/2025\/08\/Logo-Kinga-bez-tla-1-1024x1024.png 1024w, https:\/\/www.literackiprzystanekpolska.com\/wp-content\/uploads\/2025\/08\/Logo-Kinga-bez-tla-1-300x300.png 300w, https:\/\/www.literackiprzystanekpolska.com\/wp-content\/uploads\/2025\/08\/Logo-Kinga-bez-tla-1-150x150.png 150w, https:\/\/www.literackiprzystanekpolska.com\/wp-content\/uploads\/2025\/08\/Logo-Kinga-bez-tla-1-768x768.png 768w, https:\/\/www.literackiprzystanekpolska.com\/wp-content\/uploads\/2025\/08\/Logo-Kinga-bez-tla-1.png 1080w\" sizes=\"auto, (max-width: 1024px) 100vw, 1024px\" \/><\/figure>\n<\/div>\n<\/div>\n\n\n\n<div class=\"wp-block-columns is-layout-flex wp-container-core-columns-is-layout-9d6595d7 wp-block-columns-is-layout-flex\">\n<div class=\"wp-block-column is-layout-flow wp-block-column-is-layout-flow\"><div class=\"wp-block-image\">\n<figure class=\"alignright size-large is-resized\"><img loading=\"lazy\" decoding=\"async\" width=\"1024\" height=\"1024\" src=\"https:\/\/www.literackiprzystanekpolska.com\/wp-content\/uploads\/2024\/03\/CREATOR-STUDIO-1024x1024.png\" alt=\"\" class=\"wp-image-2434\" style=\"width:256px\" srcset=\"https:\/\/www.literackiprzystanekpolska.com\/wp-content\/uploads\/2024\/03\/CREATOR-STUDIO-1024x1024.png 1024w, https:\/\/www.literackiprzystanekpolska.com\/wp-content\/uploads\/2024\/03\/CREATOR-STUDIO-300x300.png 300w, https:\/\/www.literackiprzystanekpolska.com\/wp-content\/uploads\/2024\/03\/CREATOR-STUDIO-150x150.png 150w, https:\/\/www.literackiprzystanekpolska.com\/wp-content\/uploads\/2024\/03\/CREATOR-STUDIO-768x768.png 768w, https:\/\/www.literackiprzystanekpolska.com\/wp-content\/uploads\/2024\/03\/CREATOR-STUDIO.png 1080w\" sizes=\"auto, (max-width: 1024px) 100vw, 1024px\" \/><\/figure>\n<\/div><\/div>\n\n\n\n<div class=\"wp-block-column is-layout-flow wp-block-column-is-layout-flow\">\n<div class=\"wp-block-columns is-layout-flex wp-container-core-columns-is-layout-9d6595d7 wp-block-columns-is-layout-flex\">\n<div class=\"wp-block-column is-layout-flow wp-block-column-is-layout-flow\">\n<p><\/p>\n\n\n\n<p><\/p>\n\n\n\n<p>VIDEO<\/p>\n<\/div>\n\n\n\n<div class=\"wp-block-column is-layout-flow wp-block-column-is-layout-flow\"><\/div>\n<\/div>\n<\/div>\n<\/div>\n\n\n\n<div class=\"wp-block-columns is-layout-flex wp-container-core-columns-is-layout-9d6595d7 wp-block-columns-is-layout-flex\">\n<div class=\"wp-block-column is-layout-flow wp-block-column-is-layout-flow\">\n<p><\/p>\n\n\n\n<p><\/p>\n\n\n\n<p><\/p>\n\n\n\n<p class=\"has-text-align-right\">PROMOCJA, DOBRE DUCHY<\/p>\n\n\n\n<p class=\"has-text-align-right\">2022-2024<\/p>\n<\/div>\n\n\n\n<div class=\"wp-block-column is-layout-flow wp-block-column-is-layout-flow\">\n<figure class=\"wp-block-image size-large is-resized\"><img loading=\"lazy\" decoding=\"async\" width=\"1024\" height=\"1024\" src=\"https:\/\/www.literackiprzystanekpolska.com\/wp-content\/uploads\/2024\/03\/Wioska-Kobiet-1024x1024.png\" alt=\"\" class=\"wp-image-2475\" style=\"width:256px\" srcset=\"https:\/\/www.literackiprzystanekpolska.com\/wp-content\/uploads\/2024\/03\/Wioska-Kobiet-1024x1024.png 1024w, https:\/\/www.literackiprzystanekpolska.com\/wp-content\/uploads\/2024\/03\/Wioska-Kobiet-300x300.png 300w, https:\/\/www.literackiprzystanekpolska.com\/wp-content\/uploads\/2024\/03\/Wioska-Kobiet-150x150.png 150w, https:\/\/www.literackiprzystanekpolska.com\/wp-content\/uploads\/2024\/03\/Wioska-Kobiet-768x768.png 768w, https:\/\/www.literackiprzystanekpolska.com\/wp-content\/uploads\/2024\/03\/Wioska-Kobiet.png 1080w\" sizes=\"auto, (max-width: 1024px) 100vw, 1024px\" \/><\/figure>\n<\/div>\n<\/div>\n\n\n\n<p><\/p>\n\n\n\n<div class=\"wp-block-columns is-layout-flex wp-container-core-columns-is-layout-9d6595d7 wp-block-columns-is-layout-flex\">\n<div class=\"wp-block-column is-layout-flow wp-block-column-is-layout-flow\"><\/div>\n\n\n\n<div class=\"wp-block-column is-layout-flow wp-block-column-is-layout-flow\">\n<p><\/p>\n\n\n\n<p><\/p>\n\n\n\n<p><\/p>\n\n\n\n<p><\/p>\n\n\n\n<p><\/p>\n<\/div>\n<\/div>\n\n\n\n<div class=\"wp-block-columns is-layout-flex wp-container-core-columns-is-layout-9d6595d7 wp-block-columns-is-layout-flex\">\n<div class=\"wp-block-column is-layout-flow wp-block-column-is-layout-flow\"><\/div>\n\n\n\n<div class=\"wp-block-column is-layout-flow wp-block-column-is-layout-flow\"><\/div>\n<\/div>\n\n\n\n<p><\/p>\n","protected":false},"excerpt":{"rendered":"<p>PATRONAT PRASOWY 2025, 2026 WSP\u00d3\u0141PRACA MEDIALNA ZDJ\u0118CIA ZDJ\u0118CIA VIDEO PROMOCJA, DOBRE DUCHY 2022-2024<\/p>\n","protected":false},"author":1,"featured_media":0,"parent":0,"menu_order":0,"comment_status":"closed","ping_status":"closed","template":"","meta":{"footnotes":""},"class_list":["post-1468","page","type-page","status-publish","hentry"],"_links":{"self":[{"href":"https:\/\/www.literackiprzystanekpolska.com\/index.php?rest_route=\/wp\/v2\/pages\/1468","targetHints":{"allow":["GET"]}}],"collection":[{"href":"https:\/\/www.literackiprzystanekpolska.com\/index.php?rest_route=\/wp\/v2\/pages"}],"about":[{"href":"https:\/\/www.literackiprzystanekpolska.com\/index.php?rest_route=\/wp\/v2\/types\/page"}],"author":[{"embeddable":true,"href":"https:\/\/www.literackiprzystanekpolska.com\/index.php?rest_route=\/wp\/v2\/users\/1"}],"replies":[{"embeddable":true,"href":"https:\/\/www.literackiprzystanekpolska.com\/index.php?rest_route=%2Fwp%2Fv2%2Fcomments&post=1468"}],"version-history":[{"count":25,"href":"https:\/\/www.literackiprzystanekpolska.com\/index.php?rest_route=\/wp\/v2\/pages\/1468\/revisions"}],"predecessor-version":[{"id":3118,"href":"https:\/\/www.literackiprzystanekpolska.com\/index.php?rest_route=\/wp\/v2\/pages\/1468\/revisions\/3118"}],"wp:attachment":[{"href":"https:\/\/www.literackiprzystanekpolska.com\/index.php?rest_route=%2Fwp%2Fv2%2Fmedia&parent=1468"}],"curies":[{"name":"wp","href":"https:\/\/api.w.org\/{rel}","templated":true}]}}