{"id":1470,"date":"2023-05-11T17:46:32","date_gmt":"2023-05-11T17:46:32","guid":{"rendered":"https:\/\/www.literackiprzystanekpolska.com\/?page_id=1470"},"modified":"2026-03-26T11:37:30","modified_gmt":"2026-03-26T11:37:30","slug":"wolontariusze","status":"publish","type":"page","link":"https:\/\/www.literackiprzystanekpolska.com\/?page_id=1470","title":{"rendered":"Patronat Honorowy"},"content":{"rendered":"\n<p><\/p>\n\n\n\n<div class=\"wp-block-columns is-layout-flex wp-container-core-columns-is-layout-9d6595d7 wp-block-columns-is-layout-flex\">\n<div class=\"wp-block-column is-layout-flow wp-block-column-is-layout-flow\"><div class=\"wp-block-image\">\n<figure class=\"alignright size-large is-resized\"><img loading=\"lazy\" decoding=\"async\" width=\"1024\" height=\"1024\" src=\"https:\/\/www.literackiprzystanekpolska.com\/wp-content\/uploads\/2023\/07\/Logonastrone_Koscielscy-1024x1024.png\" alt=\"\" class=\"wp-image-2119\" style=\"width:256px;height:256px\" srcset=\"https:\/\/www.literackiprzystanekpolska.com\/wp-content\/uploads\/2023\/07\/Logonastrone_Koscielscy-1024x1024.png 1024w, https:\/\/www.literackiprzystanekpolska.com\/wp-content\/uploads\/2023\/07\/Logonastrone_Koscielscy-300x300.png 300w, https:\/\/www.literackiprzystanekpolska.com\/wp-content\/uploads\/2023\/07\/Logonastrone_Koscielscy-150x150.png 150w, https:\/\/www.literackiprzystanekpolska.com\/wp-content\/uploads\/2023\/07\/Logonastrone_Koscielscy-768x768.png 768w, https:\/\/www.literackiprzystanekpolska.com\/wp-content\/uploads\/2023\/07\/Logonastrone_Koscielscy.png 1080w\" sizes=\"auto, (max-width: 1024px) 100vw, 1024px\" \/><\/figure>\n<\/div><\/div>\n\n\n\n<div class=\"wp-block-column is-layout-flow wp-block-column-is-layout-flow\">\n<p><\/p>\n\n\n\n<p><strong>FUNDACJA IM. KO\u015aCIELSKICH <\/strong><\/p>\n\n\n\n<p><\/p>\n\n\n\n<p>Herbert, Tokarczuk, Herling-Grudzi\u0144ski, Stachura, Dymny, Michnik, Tulli, Twardoch, Lipska, Szymborska\u2026 co \u0142\u0105czy te osoby?<\/p>\n\n\n\n<p>Wszyscy s\u0105 laureatami Nagrody Fundacji im. Ko\u015bcielskich.<\/p>\n\n\n\n<p>Wszyscy w momencie wr\u0119czenia nagrody byli ma\u0142o znanymi lub wr\u0119cz debiutuj\u0105cymi autorkami i autorami, poniewa\u017c Fundacja nagradza m\u0142odo\u015b\u0107, laureatki i laureaci nie mog\u0105 mie\u0107 uko\u0144czonych 40 lat.<\/p>\n\n\n\n<p>Imponuj\u0105c\u0105 list\u0119 nagrodzonych otworzy\u0142 w 1962 roku S\u0142awomir Mro\u017cek (wraz z Andrzejem Brychtem, Andrzejem Busz\u0105, Janem Rostworowskim).<\/p>\n\n\n\n<p>Przez ponad 60 lat Fundacja uhonorowa\u0142a swoj\u0105 nagrod\u0105 ponad 130 os\u00f3b, prozaiczki i prozaik\u00f3w, poetki i&nbsp; poet\u00f3w, dramaturg\u00f3w i krytyk\u00f3w literackich.<\/p>\n\n\n\n<p>To jedna z najd\u0142u\u017cej (nieprzerwanie) przyznawanych polskich nagr\u00f3d literackich (cho\u0107 przyznawana w Szwajcarii), znana z niezale\u017cno\u015bci i bezkompromisowo\u015bci. Jedna z najbardziej presti\u017cowych. I najbardziej po\u017c\u0105danych przez m\u0142odych tw\u00f3rc\u00f3w.<\/p>\n\n\n\n<p>Ostatni laureaci to: Ma\u0142gorzata Rejmer za ksi\u0105\u017ck\u0119 reporta\u017cow\u0105 \u201eB\u0142oto s\u0142odsze ni\u017c mi\u00f3d. G\u0142osy komunistycznej Albanii\u201d (2020), poeta Jan Baron za tomik wierszy \u201ePsi\u0144co\u201d (2021), Bartosz Sadulski za powie\u015b\u0107 \u201eRzeszot\u201d (2022).<\/p>\n\n\n\n<p>Fundacja im. Ko\u015bcielskich powsta\u0142a na mocy testamentu zmar\u0142ej w&nbsp;lipcu 1959 roku Moniki Ko\u015bcielskiej, wdowy po W\u0142adys\u0142awie Augu\u015bcie Ko\u015bcielskim, wydawcy, poecie i&nbsp;mecenasie sztuki.<\/p>\n\n\n\n<p>Dzia\u0142alno\u015b\u0107 Fundacji zosta\u0142a doceniona przez Ministra Kultury i&nbsp;Dziedzictwa Narodowego, Bogdana Zdrojewskiego, kt\u00f3ry 3 sierpnia 2011 roku wyr\u00f3\u017cni\u0142 Fundacj\u0119 odznak\u0105 \u201eZas\u0142u\u017cony dla Kultury Polskiej\u201d, a&nbsp;prezesa Fundacji, prof. Fran\u00e7oisa Rosseta, odznaczy\u0142 11 pa\u017adziernika 2012 roku srebrnym medalem \u201eZas\u0142u\u017cony Kulturze&nbsp;<em>Gloria Artis<\/em>\u201d.<\/p>\n\n\n\n<p>Fundacja Ko\u015bcielskich jest Honorowym Patronem Festiwalu Literacki PRZYSTANEK POLSKA od pocz\u0105tku jego istnienia.<\/p>\n<\/div>\n<\/div>\n\n\n\n<div class=\"wp-block-columns is-layout-flex wp-container-core-columns-is-layout-9d6595d7 wp-block-columns-is-layout-flex\">\n<div class=\"wp-block-column is-layout-flow wp-block-column-is-layout-flow\">\n<p><\/p>\n\n\n\n<p>Ambasada Rzeczypospolite Polskiej obj\u0119\u0142a Patronatem Honorowym dziesi\u0105t\u0105 edycj\u0119 Literackiego PRZYSTANKU POLSKA w Zurychu, kt\u00f3ra odbywa\u0142a si\u0119 pod nazw\u0105 PRZYSTANEK na \u017c\u0105danie_Szwajcaria &#8211; 14 marca 2026.<\/p>\n\n\n\n<p>Dwuj\u0119zyczna edycja festiwalu by\u0142a p\u0142aszczyzn\u0105 do dialogu  mi\u0119dzy polsk\u0105 a szwajcarsk\u0105 literatur\u0105.<\/p>\n\n\n\n<p><\/p>\n<\/div>\n\n\n\n<div class=\"wp-block-column is-layout-flow wp-block-column-is-layout-flow\">\n<figure class=\"wp-block-image size-large is-resized\"><img loading=\"lazy\" decoding=\"async\" width=\"1024\" height=\"1024\" src=\"https:\/\/www.literackiprzystanekpolska.com\/wp-content\/uploads\/2024\/03\/Ambasada-rzeczpospolitej-Polskiej-1024x1024.png\" alt=\"\" class=\"wp-image-2468\" style=\"width:256px\" srcset=\"https:\/\/www.literackiprzystanekpolska.com\/wp-content\/uploads\/2024\/03\/Ambasada-rzeczpospolitej-Polskiej-1024x1024.png 1024w, https:\/\/www.literackiprzystanekpolska.com\/wp-content\/uploads\/2024\/03\/Ambasada-rzeczpospolitej-Polskiej-300x300.png 300w, https:\/\/www.literackiprzystanekpolska.com\/wp-content\/uploads\/2024\/03\/Ambasada-rzeczpospolitej-Polskiej-150x150.png 150w, https:\/\/www.literackiprzystanekpolska.com\/wp-content\/uploads\/2024\/03\/Ambasada-rzeczpospolitej-Polskiej-768x768.png 768w, https:\/\/www.literackiprzystanekpolska.com\/wp-content\/uploads\/2024\/03\/Ambasada-rzeczpospolitej-Polskiej.png 1080w\" sizes=\"auto, (max-width: 1024px) 100vw, 1024px\" \/><\/figure>\n<\/div>\n<\/div>\n","protected":false},"excerpt":{"rendered":"<p>FUNDACJA IM. KO\u015aCIELSKICH Herbert, Tokarczuk, Herling-Grudzi\u0144ski, Stachura, Dymny, Michnik, Tulli, Twardoch, Lipska, Szymborska\u2026 co \u0142\u0105czy te osoby? Wszyscy s\u0105 laureatami Nagrody Fundacji im. Ko\u015bcielskich. Wszyscy w momencie wr\u0119czenia nagrody byli &#8230;<\/p>\n","protected":false},"author":1,"featured_media":0,"parent":0,"menu_order":0,"comment_status":"closed","ping_status":"closed","template":"","meta":{"footnotes":""},"class_list":["post-1470","page","type-page","status-publish","hentry"],"_links":{"self":[{"href":"https:\/\/www.literackiprzystanekpolska.com\/index.php?rest_route=\/wp\/v2\/pages\/1470","targetHints":{"allow":["GET"]}}],"collection":[{"href":"https:\/\/www.literackiprzystanekpolska.com\/index.php?rest_route=\/wp\/v2\/pages"}],"about":[{"href":"https:\/\/www.literackiprzystanekpolska.com\/index.php?rest_route=\/wp\/v2\/types\/page"}],"author":[{"embeddable":true,"href":"https:\/\/www.literackiprzystanekpolska.com\/index.php?rest_route=\/wp\/v2\/users\/1"}],"replies":[{"embeddable":true,"href":"https:\/\/www.literackiprzystanekpolska.com\/index.php?rest_route=%2Fwp%2Fv2%2Fcomments&post=1470"}],"version-history":[{"count":5,"href":"https:\/\/www.literackiprzystanekpolska.com\/index.php?rest_route=\/wp\/v2\/pages\/1470\/revisions"}],"predecessor-version":[{"id":3186,"href":"https:\/\/www.literackiprzystanekpolska.com\/index.php?rest_route=\/wp\/v2\/pages\/1470\/revisions\/3186"}],"wp:attachment":[{"href":"https:\/\/www.literackiprzystanekpolska.com\/index.php?rest_route=%2Fwp%2Fv2%2Fmedia&parent=1470"}],"curies":[{"name":"wp","href":"https:\/\/api.w.org\/{rel}","templated":true}]}}