{"id":1666,"date":"2023-05-24T19:42:20","date_gmt":"2023-05-24T19:42:20","guid":{"rendered":"https:\/\/www.literackiprzystanekpolska.com\/?page_id=1666"},"modified":"2023-05-26T14:38:04","modified_gmt":"2023-05-26T14:38:04","slug":"mowia-o-nas","status":"publish","type":"page","link":"https:\/\/www.literackiprzystanekpolska.com\/?page_id=1666","title":{"rendered":"M\u00f3wi\u0105 o nas"},"content":{"rendered":"\n<p>Dzi\u0119kuj\u0119 Wam za to, \u017ce otwarli\u015bcie nowe okno na kultur\u0119 polsk\u0105 w Szwajcarii,<\/p>\n\n\n\n<p>\u017be nas zara\u017cacie czytaniem, my\u015bleniem i kwestionowaniem,<\/p>\n\n\n\n<p>\u017be nas prowokujecie i zaskakujecie na ka\u017cdym PRZYSTANKU.<\/p>\n\n\n\n<p>Pozostaje mi tylko zostawi\u0107 kilka hasztag\u00f3w<\/p>\n\n\n\n<p>#rado\u015b\u0107 #polishdrive #emocje #chcemywi\u0119cej #iloveit<\/p>\n\n\n\n<p>Wasza Gosia Kubat<\/p>\n\n\n\n<p>LanguageMasters MECENAS FESTIWALU<\/p>\n\n\n\n<p><\/p>\n\n\n\n<p><\/p>\n\n\n\n<p>Przystanek Polska to niezwyk\u0142a w zagonionej naszej codzienno\u015bci oaza tre\u015bciwych spotka\u0144 wok\u00f3\u0142 literatury. Udzia\u0142 licznej i bardzo urozmaiconej publiczno\u015bci pokazuje, jak du\u017ca jest potrzeba na chwil\u0119 refleksji, na s\u0142uchanie mocnych g\u0142os\u00f3w, na wzbogacaj\u0105ce wymiany. Wa\u017cne polskie\u00a0<em>rendez-vous<\/em>!<\/p>\n\n\n\n<p>Prof. Fran\u00e7ois Rosset<\/p>\n\n\n\n<p>Prezes Fundacji Ko\u015bcielskich<\/p>\n\n\n\n<p><\/p>\n\n\n\n<p><\/p>\n\n\n\n<p>Szczerze?<\/p>\n\n\n\n<p>Odliczam tygodnie do festiwalu, kt\u00f3ry jest dla mnie oddechem i nie wiem jak bym przezy\u0142a jesien bez Przystanku, a potem w marcu. Dopada mnie wtedy najwieksza t\u0119sknota za Polsk\u0105. Ze spotkan wychodz\u0119 z pe\u0142na, festiwalowa torba ksi\u0105\u017cek. Cies\u017c\u0119 si\u0119, \u017ce Przystanek ma swoj\u0105 sta\u0142\u0105 publiczno\u015b\u0107 i co roku przybywaj\u0105 nowe twarze. Nie mog\u0119 si\u0119 ju\u017c doczeka\u0144 wrze\u015bniowego rtozk\u0142adu. Na pewno b\u0119d\u0119!<\/p>\n\n\n\n<p>Gosia Mazi<\/p>\n\n\n\n<p>@bitter_swiss_symphony<\/p>\n","protected":false},"excerpt":{"rendered":"<p>Dzi\u0119kuj\u0119 Wam za to, \u017ce otwarli\u015bcie nowe okno na kultur\u0119 polsk\u0105 w Szwajcarii, \u017be nas zara\u017cacie czytaniem, my\u015bleniem i kwestionowaniem, \u017be nas prowokujecie i zaskakujecie na ka\u017cdym PRZYSTANKU. Pozostaje mi &#8230;<\/p>\n","protected":false},"author":1,"featured_media":0,"parent":0,"menu_order":0,"comment_status":"closed","ping_status":"closed","template":"","meta":{"footnotes":""},"class_list":["post-1666","page","type-page","status-publish","hentry"],"_links":{"self":[{"href":"https:\/\/www.literackiprzystanekpolska.com\/index.php?rest_route=\/wp\/v2\/pages\/1666","targetHints":{"allow":["GET"]}}],"collection":[{"href":"https:\/\/www.literackiprzystanekpolska.com\/index.php?rest_route=\/wp\/v2\/pages"}],"about":[{"href":"https:\/\/www.literackiprzystanekpolska.com\/index.php?rest_route=\/wp\/v2\/types\/page"}],"author":[{"embeddable":true,"href":"https:\/\/www.literackiprzystanekpolska.com\/index.php?rest_route=\/wp\/v2\/users\/1"}],"replies":[{"embeddable":true,"href":"https:\/\/www.literackiprzystanekpolska.com\/index.php?rest_route=%2Fwp%2Fv2%2Fcomments&post=1666"}],"version-history":[{"count":2,"href":"https:\/\/www.literackiprzystanekpolska.com\/index.php?rest_route=\/wp\/v2\/pages\/1666\/revisions"}],"predecessor-version":[{"id":1707,"href":"https:\/\/www.literackiprzystanekpolska.com\/index.php?rest_route=\/wp\/v2\/pages\/1666\/revisions\/1707"}],"wp:attachment":[{"href":"https:\/\/www.literackiprzystanekpolska.com\/index.php?rest_route=%2Fwp%2Fv2%2Fmedia&parent=1666"}],"curies":[{"name":"wp","href":"https:\/\/api.w.org\/{rel}","templated":true}]}}