{"id":224,"date":"2023-04-21T11:02:51","date_gmt":"2023-04-21T11:02:51","guid":{"rendered":"https:\/\/www.literackiprzystanekpolska.com\/?page_id=224"},"modified":"2023-07-20T12:28:41","modified_gmt":"2023-07-20T12:28:41","slug":"zloty-bilet-zostan-sponsorem","status":"publish","type":"page","link":"https:\/\/www.literackiprzystanekpolska.com\/?page_id=224","title":{"rendered":"Zosta\u0144 sponsorem"},"content":{"rendered":"\n<div class=\"wp-block-group\"><div class=\"wp-block-group__inner-container is-layout-constrained wp-block-group-is-layout-constrained\">\n<p><\/p>\n\n\n\n<p><strong>Tw\u00f3rz razem z nami Literacki PRZYSTANEK POLSKA w Zurychu!<\/strong><\/p>\n\n\n\n<p><strong>DO\u0141\u0104CZ DO GRONA SPONSOR\u00d3W!<\/strong><\/p>\n\n\n\n<p><strong>KUP Z\u0141OTY BILET!<\/strong><\/p>\n<\/div><\/div>\n\n\n\n<p>Festiwal Literacki PRZYSTANEK POLSKA to jedna z najwi\u0119kszych kulturalnych, polskich imprez w Szwajcarii. Narodzi\u0142 si\u0119 w 2021 roku z regularnych spotka\u0144 z polskimi pisarkami i pisarzami organizowanymi w Zurychu przez lata przez Towarzystwo Polskie Winterthur.<\/p>\n\n\n\n<p>Stworzyli\u015bmy nowe, polskie miejsce na mapie Zurychu<\/p>\n\n\n\n<p>To miejsce spotka\u0144 z ciekawymi lud\u017ami, wymiany my\u015bli i opinii, inspiruj\u0105ce i t\u0119tni\u0105ce \u017cyciem. Patrz\u0105c na wype\u0142nion\u0105 po brzegi widowni\u0119 mamy poczucie, \u017ce takie miejsce by\u0142o potrzebne.<\/p>\n\n\n\n<p>Nie by\u0142oby to jednak mo\u017cliwe bez wsparcia sponsor\u00f3w, bowiem Literacki PRZYSTANEK POLSKA&nbsp; nie jest imprez\u0105 komercyjn\u0105, a jego organizator Towarzystwo Polskie Winterthur jest organizacj\u0105 non profit.<\/p>\n\n\n\n<p>Mamy nowe pomys\u0142y, w roku 2023 inaugurujemy nowy cykl festiwalowy zatytu\u0142owany \u201eLiteratura na ekranie\u201d, rozwijamy si\u0119.<\/p>\n\n\n\n<p>W roku 2023 go\u015bcimy a\u017c 10 najwybitniejszych pisarek i pisarzy z Polski.<\/p>\n\n\n\n<p>Zapraszamy Ci\u0119 do wsp\u00f3\u0142tworzenia razem z nami tego niezwyk\u0142ego wydarzenia.<\/p>\n\n\n\n<p>Mo\u017cesz zosta\u0107 MECENASEM, posiadaczem Z\u0141OTEGO BILETU lub SREBRNEGO BILETU w zale\u017cno\u015bci od wysoko\u015bci darowizny.<\/p>\n\n\n\n<p>Kultura potrzebuje partnera.<\/p>\n\n\n\n<p><\/p>\n\n\n\n<p>Kontakt: joanna.olczak@literackiprzystanekpolska.com<\/p>\n","protected":false},"excerpt":{"rendered":"<p>Tw\u00f3rz razem z nami Literacki PRZYSTANEK POLSKA w Zurychu! DO\u0141\u0104CZ DO GRONA SPONSOR\u00d3W! KUP Z\u0141OTY BILET! Festiwal Literacki PRZYSTANEK POLSKA to jedna z najwi\u0119kszych kulturalnych, polskich imprez w Szwajcarii. Narodzi\u0142 &#8230;<\/p>\n","protected":false},"author":1,"featured_media":0,"parent":0,"menu_order":0,"comment_status":"closed","ping_status":"closed","template":"","meta":{"footnotes":""},"class_list":["post-224","page","type-page","status-publish","hentry"],"_links":{"self":[{"href":"https:\/\/www.literackiprzystanekpolska.com\/index.php?rest_route=\/wp\/v2\/pages\/224","targetHints":{"allow":["GET"]}}],"collection":[{"href":"https:\/\/www.literackiprzystanekpolska.com\/index.php?rest_route=\/wp\/v2\/pages"}],"about":[{"href":"https:\/\/www.literackiprzystanekpolska.com\/index.php?rest_route=\/wp\/v2\/types\/page"}],"author":[{"embeddable":true,"href":"https:\/\/www.literackiprzystanekpolska.com\/index.php?rest_route=\/wp\/v2\/users\/1"}],"replies":[{"embeddable":true,"href":"https:\/\/www.literackiprzystanekpolska.com\/index.php?rest_route=%2Fwp%2Fv2%2Fcomments&post=224"}],"version-history":[{"count":4,"href":"https:\/\/www.literackiprzystanekpolska.com\/index.php?rest_route=\/wp\/v2\/pages\/224\/revisions"}],"predecessor-version":[{"id":2091,"href":"https:\/\/www.literackiprzystanekpolska.com\/index.php?rest_route=\/wp\/v2\/pages\/224\/revisions\/2091"}],"wp:attachment":[{"href":"https:\/\/www.literackiprzystanekpolska.com\/index.php?rest_route=%2Fwp%2Fv2%2Fmedia&parent=224"}],"curies":[{"name":"wp","href":"https:\/\/api.w.org\/{rel}","templated":true}]}}